{"id":8,"date":"2016-02-17T14:14:27","date_gmt":"2016-02-17T14:14:27","guid":{"rendered":"http:\/\/bridge8.qodeinteractive.com\/?page_id=8"},"modified":"2026-04-03T21:48:46","modified_gmt":"2026-04-03T19:48:46","slug":"accueil-2","status":"publish","type":"page","link":"https:\/\/www.boisrouge.fr\/fr\/","title":{"rendered":"ACCUEIL"},"content":{"rendered":"<div class=\"wpb-content-wrapper\"><p>[vc_row css_animation=\u00a0\u00bb\u00a0\u00bb row_type=\u00a0\u00bbrow\u00a0\u00bb use_row_as_full_screen_section=\u00a0\u00bbno\u00a0\u00bb type=\u00a0\u00bbgrid\u00a0\u00bb angled_section=\u00a0\u00bbno\u00a0\u00bb text_align=\u00a0\u00bbleft\u00a0\u00bb background_image_as_pattern=\u00a0\u00bbwithout_pattern\u00a0\u00bb padding_top=\u00a0\u00bb140&Prime; padding_bottom=\u00a0\u00bb140&Prime;][vc_column width=\u00a0\u00bb1\/2&Prime;][vc_column_text]<\/p>\n<h2>Boisrouge, un havre\u00a0de paix et de saveurs<\/h2>\n<p>[\/vc_column_text][vc_separator type=\u00a0\u00bbtransparent\u00a0\u00bb up=\u00a0\u00bb20&Prime; down=\u00a0\u00bb0&Prime;][vc_column_text css=\u00a0\u00bb\u00a0\u00bb]Situ\u00e9e \u00e0 Flagey-\u00c9chezeaux, entre Dijon et Beaune, sur la route des Grands Crus, Boisrouge est un ensemble compos\u00e9 d\u2019un restaurant de charme et de cinq chambres d\u2019h\u00f4te. Philippe Delacourcelle vous y accueille pour un s\u00e9jour haut en saveur. Repos, verdure, cuisine fine et aromatique, vins excellents : une halte \u00e0 Boisrouge vous ressourcera et vous offrira le meilleur de la Bourgogne dans un cadre calme et bois\u00e9. Boisrouge se trouve au c\u0153ur de la r\u00e9gion des grands crus de Bourgogne. Clos de Vougeot, c\u00f4te de Nuits, colline de Corton, abbaye de C\u00eeteaux, Vosne-Roman\u00e9e sont tout proches : Boisrouge est le point de chute id\u00e9al pour explorer ces lieux mythiques.[\/vc_column_text][vc_separator type=\u00a0\u00bbtransparent\u00a0\u00bb up=\u00a0\u00bb20&Prime; down=\u00a0\u00bb0&Prime;]<a  itemprop=\"url\" href=\"https:\/\/www.boisrouge.fr\/contact-reservations\/\" target=\"_self\" data-hover-background-color=\"#962424\" data-hover-border-color=\"#962424\" class=\"qbutton  medium white default\" style=\"border-color: #962424; font-style: normal; background-color:#ffffff;\">R\u00c9SERVATION<\/a>[\/vc_column][vc_column width=\u00a0\u00bb1\/2&Prime;][vc_single_image image=\u00a0\u00bb696&Prime; img_size=\u00a0\u00bbfull\u00a0\u00bb qode_css_animation=\u00a0\u00bb\u00a0\u00bb][\/vc_column][\/vc_row][vc_row row_type=\u00a0\u00bbparallax\u00a0\u00bb parallax_content_width=\u00a0\u00bbin_grid\u00a0\u00bb text_align=\u00a0\u00bbleft\u00a0\u00bb full_screen_section_height=\u00a0\u00bbno\u00a0\u00bb background_image=\u00a0\u00bb714&Prime; section_height=\u00a0\u00bb500&Prime;][vc_column][\/vc_column][\/vc_row][vc_row css_animation=\u00a0\u00bb\u00a0\u00bb row_type=\u00a0\u00bbrow\u00a0\u00bb use_row_as_full_screen_section=\u00a0\u00bbno\u00a0\u00bb type=\u00a0\u00bbgrid\u00a0\u00bb angled_section=\u00a0\u00bbno\u00a0\u00bb text_align=\u00a0\u00bbleft\u00a0\u00bb background_image_as_pattern=\u00a0\u00bbwithout_pattern\u00a0\u00bb padding_top=\u00a0\u00bb140&Prime; padding_bottom=\u00a0\u00bb73&Prime;][vc_column width=\u00a0\u00bb1\/2&Prime;][vc_single_image image=\u00a0\u00bb567&Prime; img_size=\u00a0\u00bbfull\u00a0\u00bb alignment=\u00a0\u00bbcenter\u00a0\u00bb qode_css_animation=\u00a0\u00bb\u00a0\u00bb][vc_row_inner row_type=\u00a0\u00bbrow\u00a0\u00bb type=\u00a0\u00bbfull_width\u00a0\u00bb text_align=\u00a0\u00bbleft\u00a0\u00bb css_animation=\u00a0\u00bb\u00a0\u00bb side_padding=\u00a0\u00bb4&Prime;][vc_column_inner][vc_separator type=\u00a0\u00bbtransparent\u00a0\u00bb up=\u00a0\u00bb35&Prime; down=\u00a0\u00bb0&Prime;][vc_column_text]<\/p>\n<h4>Les chambres<\/h4>\n<p>[\/vc_column_text][vc_separator type=\u00a0\u00bbtransparent\u00a0\u00bb up=\u00a0\u00bb25&Prime; down=\u00a0\u00bb0&Prime;][vc_column_text]<\/p>\n<p style=\"text-align: left;\">\u00c0 Boisrouge, vous vous reposerez au contact de la nature, \u00e0 l\u2019ombre de grands arbres. Cinq chambres d\u2019h\u00f4te, confortables et paisibles, vous attendent. Elles sont con\u00e7ues en harmonie avec le style de l\u2019ensemble\u00a0: boiseries naturelles douces au regard, r\u00e9f\u00e9rences nippones \u2014 la moindre n\u2019\u00e9tant pas l\u2019authentique bain japonais am\u00e9nag\u00e9 pour votre bien-\u00eatre. Quatre chambres sont situ\u00e9es dans un b\u00e2timent d\u00e9di\u00e9, \u00e0 l\u2019entr\u00e9e du site\u00a0; la cinqui\u00e8me se trouve dans le b\u00e2timent d\u2019habitation des h\u00f4tes. Toutes les chambres sont climatis\u00e9es.<\/p>\n<p>[\/vc_column_text][vc_separator type=\u00a0\u00bbtransparent\u00a0\u00bb up=\u00a0\u00bb67&Prime; down=\u00a0\u00bb0&Prime;]<a  itemprop=\"url\" href=\"https:\/\/www.boisrouge.fr\/les-chambres\/\" target=\"_self\" data-hover-background-color=\"#962424\" data-hover-border-color=\"#962424\" class=\"qbutton  medium white default\" style=\"border-color: #962424; font-style: normal; background-color:#ffffff;\">Les chambres<\/a>[vc_separator type=\u00a0\u00bbtransparent\u00a0\u00bb up=\u00a0\u00bb67&Prime; down=\u00a0\u00bb0&Prime;][\/vc_column_inner][\/vc_row_inner][\/vc_column][vc_column width=\u00a0\u00bb1\/2&Prime;][vc_single_image image=\u00a0\u00bb446&Prime; img_size=\u00a0\u00bbfull\u00a0\u00bb alignment=\u00a0\u00bbcenter\u00a0\u00bb qode_css_animation=\u00a0\u00bb\u00a0\u00bb][vc_row_inner row_type=\u00a0\u00bbrow\u00a0\u00bb type=\u00a0\u00bbfull_width\u00a0\u00bb text_align=\u00a0\u00bbleft\u00a0\u00bb css_animation=\u00a0\u00bb\u00a0\u00bb side_padding=\u00a0\u00bb4&Prime;][vc_column_inner][vc_separator type=\u00a0\u00bbtransparent\u00a0\u00bb up=\u00a0\u00bb35&Prime; down=\u00a0\u00bb0&Prime;][vc_column_text]<\/p>\n<h4>Le restaurant<\/h4>\n<p>[\/vc_column_text][vc_separator type=\u00a0\u00bbtransparent\u00a0\u00bb up=\u00a0\u00bb25&Prime; down=\u00a0\u00bb0&Prime;][vc_column_text]<\/p>\n<p style=\"text-align: left;\">Dans le restaurant, vaste espace lumineux \u00e0 cuisine ouverte, vingt convives peuvent prendre place. Comme pour les autres b\u00e2timents, les murs int\u00e9rieurs et ext\u00e9rieurs sont enduits de terre locale et de chaux. Au centre, un marbre gris de six m\u00e8tres de longueur se partage pour moiti\u00e9 en plan de travail pour la cuisine et pour moiti\u00e9 en table d\u2019h\u00f4te\u00a0: c\u2019est l\u00e0 que vous prendrez votre petit d\u00e9jeuner en contemplant les sous-bois Le menu, inscrit sur de grandes ardoises, se r\u00e9partit entre classiques du chef et cuisine du march\u00e9 tirant parti des produits de la Bourgogne selon les arrivages et les saisons. Les vins sont bourguignons, bien entendu.<\/p>\n<p>[\/vc_column_text][vc_separator type=\u00a0\u00bbtransparent\u00a0\u00bb up=\u00a0\u00bb16&Prime; down=\u00a0\u00bb0&Prime;]<a  itemprop=\"url\" href=\"https:\/\/www.boisrouge.fr\/le-restaurant\/\" target=\"_self\" data-hover-background-color=\"#962424\" data-hover-border-color=\"#962424\" class=\"qbutton  medium white default\" style=\"border-color: #962424; font-style: normal; background-color:#ffffff;\">Le restaurant<\/a>[vc_separator type=\u00a0\u00bbtransparent\u00a0\u00bb up=\u00a0\u00bb67&Prime; down=\u00a0\u00bb0&Prime;][\/vc_column_inner][\/vc_row_inner][\/vc_column][\/vc_row][vc_row row_type=\u00a0\u00bbparallax\u00a0\u00bb parallax_content_width=\u00a0\u00bbin_grid\u00a0\u00bb text_align=\u00a0\u00bbright\u00a0\u00bb full_screen_section_height=\u00a0\u00bbno\u00a0\u00bb background_image=\u00a0\u00bb728&Prime;][vc_column][vc_separator type=\u00a0\u00bbtransparent\u00a0\u00bb up=\u00a0\u00bb146&Prime; down=\u00a0\u00bb0&Prime;][vc_row_inner row_type=\u00a0\u00bbrow\u00a0\u00bb type=\u00a0\u00bbfull_width\u00a0\u00bb text_align=\u00a0\u00bbleft\u00a0\u00bb css_animation=\u00a0\u00bb\u00a0\u00bb][vc_column_inner width=\u00a0\u00bb1\/3&Prime; offset=\u00a0\u00bbvc_col-lg-4 vc_col-md-4&Prime;][\/vc_column_inner][vc_column_inner width=\u00a0\u00bb1\/3&Prime;][\/vc_column_inner][vc_column_inner width=\u00a0\u00bb1\/3&Prime;][vc_column_text]<\/p>\n<h4><span style=\"color: #ffffff;\">Informations<\/span><\/h4>\n<p>[\/vc_column_text][vc_separator type=\u00a0\u00bbtransparent\u00a0\u00bb up=\u00a0\u00bb17&Prime; down=\u00a0\u00bb0&Prime;][vc_column_text css=\u00a0\u00bb.vc_custom_1744357871244{padding-top: 15px !important;padding-right: 15px !important;padding-bottom: 15px !important;padding-left: 15px !important;background-color: #b2294d !important;}\u00a0\u00bb]<span style=\"color: #ffffff;\"><strong>Boisrouge Restaurant et chambres<\/strong><\/span><\/p>\n<p><span style=\"color: #ffffff;\">Philippe Delacourcelle<\/span><\/p>\n<p><span style=\"color: #ffffff;\">4 bis rue du petit Paris<\/span><br \/>\n<span style=\"color: #ffffff;\"> 21640 Flagey Echezeaux <\/span><\/p>\n<p><span style=\"color: #ffffff;\"><strong>T\u00e9l: 03 80 34 30 56<\/strong><\/span><\/p>\n<p><span style=\"color: #ffffff;\">Mail: <a style=\"color: #ffffff;\" href=\"mailto:contact@boisrouge.fr\">contact@boisrouge.fr<\/a><\/span>[\/vc_column_text][vc_separator type=\u00a0\u00bbtransparent\u00a0\u00bb up=\u00a0\u00bb39&Prime; down=\u00a0\u00bb0&Prime;]<a  itemprop=\"url\" href=\"https:\/\/www.boisrouge.fr\/contact-reservations\/\" target=\"_self\" data-hover-background-color=\"#962424\" class=\"qbutton  medium white default\" style=\"font-style: normal; background-color:#ffffff;\">CONTACT<\/a>[vc_separator type=\u00a0\u00bbtransparent\u00a0\u00bb up=\u00a0\u00bb64&Prime; down=\u00a0\u00bb0&Prime;][vc_column_text css=\u00a0\u00bb.vc_custom_1699422003482{padding: 10px !important;background-color: #22bad8 !important;}\u00a0\u00bb]<strong>Sur place vous pouvez recharger votre voiture \u00e9lectrique, une borne de recharge est pr\u00e9sente.<\/strong>[\/vc_column_text][vc_single_image image=\u00a0\u00bb1008&Prime; img_size=\u00a0\u00bb100&#215;100&Prime; qode_css_animation=\u00a0\u00bb\u00a0\u00bb][\/vc_column_inner][\/vc_row_inner][vc_separator type=\u00a0\u00bbtransparent\u00a0\u00bb up=\u00a0\u00bb81&Prime; down=\u00a0\u00bb0&Prime;][\/vc_column][\/vc_row]<\/p>\n<\/div>","protected":false},"excerpt":{"rendered":"<p>[vc_row css_animation=\u00a0\u00bb\u00a0\u00bb row_type=\u00a0\u00bbrow\u00a0\u00bb use_row_as_full_screen_section=\u00a0\u00bbno\u00a0\u00bb type=\u00a0\u00bbgrid\u00a0\u00bb angled_section=\u00a0\u00bbno\u00a0\u00bb text_align=\u00a0\u00bbleft\u00a0\u00bb background_image_as_pattern=\u00a0\u00bbwithout_pattern\u00a0\u00bb padding_top=\u00a0\u00bb140&Prime; padding_bottom=\u00a0\u00bb140&Prime;][vc_column width=\u00a0\u00bb1\/2&Prime;][vc_column_text] Boisrouge, un havre\u00a0de paix et de saveurs [\/vc_column_text][vc_separator type=\u00a0\u00bbtransparent\u00a0\u00bb up=\u00a0\u00bb20&Prime; down=\u00a0\u00bb0&Prime;][vc_column_text css=\u00a0\u00bb\u00a0\u00bb]Situ\u00e9e \u00e0 Flagey-\u00c9chezeaux, entre Dijon et Beaune, sur la route des Grands Crus, Boisrouge est un ensemble compos\u00e9 d\u2019un restaurant de charme et&#8230;<\/p>\n","protected":false},"author":3,"featured_media":0,"parent":0,"menu_order":0,"comment_status":"closed","ping_status":"closed","template":"full_width.php","meta":{"_monsterinsights_skip_tracking":false,"_monsterinsights_sitenote_active":false,"_monsterinsights_sitenote_note":"","_monsterinsights_sitenote_category":0,"footnotes":""},"class_list":["post-8","page","type-page","status-publish","hentry"],"aioseo_notices":[],"_links":{"self":[{"href":"https:\/\/www.boisrouge.fr\/fr\/wp-json\/wp\/v2\/pages\/8","targetHints":{"allow":["GET"]}}],"collection":[{"href":"https:\/\/www.boisrouge.fr\/fr\/wp-json\/wp\/v2\/pages"}],"about":[{"href":"https:\/\/www.boisrouge.fr\/fr\/wp-json\/wp\/v2\/types\/page"}],"author":[{"embeddable":true,"href":"https:\/\/www.boisrouge.fr\/fr\/wp-json\/wp\/v2\/users\/3"}],"replies":[{"embeddable":true,"href":"https:\/\/www.boisrouge.fr\/fr\/wp-json\/wp\/v2\/comments?post=8"}],"version-history":[{"count":2,"href":"https:\/\/www.boisrouge.fr\/fr\/wp-json\/wp\/v2\/pages\/8\/revisions"}],"predecessor-version":[{"id":1112,"href":"https:\/\/www.boisrouge.fr\/fr\/wp-json\/wp\/v2\/pages\/8\/revisions\/1112"}],"wp:attachment":[{"href":"https:\/\/www.boisrouge.fr\/fr\/wp-json\/wp\/v2\/media?parent=8"}],"curies":[{"name":"wp","href":"https:\/\/api.w.org\/{rel}","templated":true}]}}