{"id":813,"date":"2019-04-09T13:41:39","date_gmt":"2019-04-09T11:41:39","guid":{"rendered":"https:\/\/www.boisrouge.fr\/?page_id=813"},"modified":"2025-04-11T09:58:54","modified_gmt":"2025-04-11T07:58:54","slug":"le-parc-bois-rouge-gilly-les-citeaux","status":"publish","type":"page","link":"https:\/\/www.boisrouge.fr\/en\/le-parc-bois-rouge-gilly-les-citeaux\/","title":{"rendered":"The park"},"content":{"rendered":"<div class=\"wpb-content-wrapper\"><p class=\"qtranxs-available-languages-message qtranxs-available-languages-message-en\">Sorry, this entry is only available in <a href=\"https:\/\/www.boisrouge.fr\/fr\/wp-json\/wp\/v2\/pages\/813\" class=\"qtranxs-available-language-link qtranxs-available-language-link-fr\" title=\"Fran\u00e7ais\">Fran\u00e7ais<\/a>.<\/p>\n<p>[vc_row css_animation=&#8221;&#8221; row_type=&#8221;row&#8221; use_row_as_full_screen_section=&#8221;no&#8221; type=&#8221;grid&#8221; angled_section=&#8221;no&#8221; text_align=&#8221;left&#8221; background_image_as_pattern=&#8221;without_pattern&#8221; padding_top=&#8221;80&#8243; padding_bottom=&#8221;30&#8243;][vc_column width=&#8221;1\/3&#8243;][vc_column_text]<\/p>\n<h1>Le site de Boisrouge<\/h1>\n<p>[\/vc_column_text][vc_separator type=&#8221;transparent&#8221; up=&#8221;10&#8243; down=&#8221;0&#8243;][vc_column_text]<\/p>\n<h4>Une for\u00eat au bord d\u2019un village<\/h4>\n<p>[\/vc_column_text][vc_separator type=&#8221;transparent&#8221; up=&#8221;20&#8243; down=&#8221;0&#8243;][vc_column_text]Pass\u00e9 le portail de la propri\u00e9t\u00e9, une longue passerelle de bambou m\u00e8ne \u00e0 un ensemble de trois b\u00e2timents en bois construits sur pilotis afin de pr\u00e9server les arbres majestueux et leurs racines jouxtant les b\u00e2timents. L\u2019architecture fait allusion au Japon, tout en s\u2019harmonisant avec l\u2019environnement bourguignon.[\/vc_column_text][\/vc_column][vc_column width=&#8221;1\/3&#8243;][vc_single_image image=&#8221;815&#8243; img_size=&#8221;full&#8221; qode_css_animation=&#8221;&#8221;][\/vc_column][vc_column width=&#8221;1\/3&#8243;][vc_single_image image=&#8221;818&#8243; img_size=&#8221;full&#8221; qode_css_animation=&#8221;&#8221;][\/vc_column][\/vc_row][vc_row row_type=&#8221;parallax&#8221; parallax_content_width=&#8221;in_grid&#8221; text_align=&#8221;left&#8221; full_screen_section_height=&#8221;no&#8221; background_image=&#8221;833&#8243; section_height=&#8221;500&#8243;][vc_column][\/vc_column][\/vc_row][vc_row css_animation=&#8221;&#8221; row_type=&#8221;row&#8221; use_row_as_full_screen_section=&#8221;no&#8221; type=&#8221;grid&#8221; angled_section=&#8221;no&#8221; text_align=&#8221;left&#8221; background_image_as_pattern=&#8221;without_pattern&#8221; padding_top=&#8221;80&#8243; padding_bottom=&#8221;140&#8243;][vc_column width=&#8221;1\/2&#8243;][vc_column_text]<\/p>\n<h1>La for\u00eat de boisrouge<\/h1>\n<p>[\/vc_column_text][vc_separator type=&#8221;transparent&#8221; up=&#8221;10&#8243; down=&#8221;0&#8243;][vc_column_text]Le site est ombrag\u00e9 d\u2019une superbe for\u00eat dont plusieurs arbres sont bicentenaires. Filtr\u00e9e par les frondaisons, la lumi\u00e8re du jour est superbe. Une terrasse am\u00e9nag\u00e9e au centre de ces h\u00f4tes majestueux invite \u00e0 la relaxation et \u00e0 la contemplation. Une rivi\u00e8re, la Vouge, borde la propri\u00e9t\u00e9 et marque la limite entre Boisrouge et le joli village de Gilly-l\u00e8s-Citeaux dont son illustre ch\u00e2teau. Le murmure l\u00e9ger de la rivi\u00e8re contribue \u00e0 la paix de l\u2018endroit et propulse hors du temps.[\/vc_column_text][\/vc_column][vc_column width=&#8221;1\/2&#8243;][vc_single_image image=&#8221;816&#8243; img_size=&#8221;full&#8221; qode_css_animation=&#8221;&#8221;][\/vc_column][\/vc_row][vc_row row_type=&#8221;parallax&#8221; parallax_content_width=&#8221;in_grid&#8221; text_align=&#8221;right&#8221; full_screen_section_height=&#8221;no&#8221; background_image=&#8221;728&#8243;][vc_column][vc_separator type=&#8221;transparent&#8221; up=&#8221;146&#8243; down=&#8221;0&#8243;][vc_row_inner row_type=&#8221;row&#8221; type=&#8221;full_width&#8221; text_align=&#8221;left&#8221; css_animation=&#8221;&#8221;][vc_column_inner width=&#8221;1\/3&#8243; offset=&#8221;vc_col-lg-4 vc_col-md-4&#8243;][\/vc_column_inner][vc_column_inner width=&#8221;1\/3&#8243;][\/vc_column_inner][vc_column_inner width=&#8221;1\/3&#8243;][vc_column_text]<\/p>\n<h4><span style=\"color: #ffffff;\">Informations<\/span><\/h4>\n<p>[\/vc_column_text][vc_separator type=&#8221;transparent&#8221; up=&#8221;17&#8243; down=&#8221;0&#8243;][vc_column_text css=&#8221;&#8221;]<span style=\"color: #ffffff;\"><strong>Boisrouge Restaurant et chambres<\/strong><\/span><\/p>\n<p><span style=\"color: #ffffff;\">Philippe Delacourcelle<\/span><\/p>\n<p><span style=\"color: #ffffff;\">4 bis rue du petit Paris<\/span><br \/>\n<span style=\"color: #ffffff;\"> 21640 Flagey Echezeaux <\/span><\/p>\n<p><span style=\"color: #ffffff;\"> tel: 03 80 34 30 56<\/span><\/p>\n<p><span style=\"color: #ffffff;\">Mail: <a style=\"color: #ffffff;\" href=\"mailto:contact@boisrouge.fr\">contact@boisrouge.fr<\/a><\/span>[\/vc_column_text][vc_separator type=&#8221;transparent&#8221; up=&#8221;39&#8243; down=&#8221;0&#8243;]<a  itemprop=\"url\" href=\"https:\/\/www.boisrouge.fr\/contact-reservations\/\" target=\"_self\" data-hover-background-color=\"#962424\" class=\"qbutton  medium white default\" style=\"font-style: normal; \">CONTACT<\/a>[vc_separator type=&#8221;transparent&#8221; up=&#8221;64&#8243; down=&#8221;0&#8243;][\/vc_column_inner][\/vc_row_inner][vc_separator type=&#8221;transparent&#8221; up=&#8221;81&#8243; down=&#8221;0&#8243;][\/vc_column][\/vc_row]<\/p>\n<\/div>","protected":false},"excerpt":{"rendered":"<p>Sorry, this entry is only available in Fran\u00e7ais. [vc_row css_animation=&#8221;&#8221; row_type=&#8221;row&#8221; use_row_as_full_screen_section=&#8221;no&#8221; type=&#8221;grid&#8221; angled_section=&#8221;no&#8221; text_align=&#8221;left&#8221; background_image_as_pattern=&#8221;without_pattern&#8221; padding_top=&#8221;80&#8243; padding_bottom=&#8221;30&#8243;][vc_column width=&#8221;1\/3&#8243;][vc_column_text] Le site de Boisrouge [\/vc_column_text][vc_separator type=&#8221;transparent&#8221; up=&#8221;10&#8243; down=&#8221;0&#8243;][vc_column_text] Une for\u00eat au bord d\u2019un village [\/vc_column_text][vc_separator type=&#8221;transparent&#8221; up=&#8221;20&#8243; down=&#8221;0&#8243;][vc_column_text]Pass\u00e9 le portail de la propri\u00e9t\u00e9, une longue passerelle&#8230;<\/p>\n","protected":false},"author":3,"featured_media":0,"parent":0,"menu_order":0,"comment_status":"closed","ping_status":"closed","template":"full_width.php","meta":{"_monsterinsights_skip_tracking":false,"_monsterinsights_sitenote_active":false,"_monsterinsights_sitenote_note":"","_monsterinsights_sitenote_category":0,"footnotes":""},"class_list":["post-813","page","type-page","status-publish","hentry"],"aioseo_notices":[],"_links":{"self":[{"href":"https:\/\/www.boisrouge.fr\/en\/wp-json\/wp\/v2\/pages\/813","targetHints":{"allow":["GET"]}}],"collection":[{"href":"https:\/\/www.boisrouge.fr\/en\/wp-json\/wp\/v2\/pages"}],"about":[{"href":"https:\/\/www.boisrouge.fr\/en\/wp-json\/wp\/v2\/types\/page"}],"author":[{"embeddable":true,"href":"https:\/\/www.boisrouge.fr\/en\/wp-json\/wp\/v2\/users\/3"}],"replies":[{"embeddable":true,"href":"https:\/\/www.boisrouge.fr\/en\/wp-json\/wp\/v2\/comments?post=813"}],"version-history":[{"count":1,"href":"https:\/\/www.boisrouge.fr\/en\/wp-json\/wp\/v2\/pages\/813\/revisions"}],"predecessor-version":[{"id":1116,"href":"https:\/\/www.boisrouge.fr\/en\/wp-json\/wp\/v2\/pages\/813\/revisions\/1116"}],"wp:attachment":[{"href":"https:\/\/www.boisrouge.fr\/en\/wp-json\/wp\/v2\/media?parent=813"}],"curies":[{"name":"wp","href":"https:\/\/api.w.org\/{rel}","templated":true}]}}