{"id":8,"date":"2016-02-17T14:14:27","date_gmt":"2016-02-17T14:14:27","guid":{"rendered":"http:\/\/bridge8.qodeinteractive.com\/?page_id=8"},"modified":"2026-04-03T21:48:46","modified_gmt":"2026-04-03T19:48:46","slug":"accueil-2","status":"publish","type":"page","link":"https:\/\/www.boisrouge.fr\/en\/","title":{"rendered":"Home"},"content":{"rendered":"<div class=\"wpb-content-wrapper\"><p>[vc_row css_animation=&#8221;&#8221; row_type=&#8221;row&#8221; use_row_as_full_screen_section=&#8221;no&#8221; type=&#8221;grid&#8221; angled_section=&#8221;no&#8221; text_align=&#8221;left&#8221; background_image_as_pattern=&#8221;without_pattern&#8221; padding_top=&#8221;140&#8243; padding_bottom=&#8221;140&#8243;][vc_column width=&#8221;1\/2&#8243;][vc_column_text]<\/p>\n<h2>BOISROUGE, A HAVEN OF PEACE AND FLAVOURS<\/h2>\n<p>[\/vc_column_text][vc_separator type=&#8221;transparent&#8221; up=&#8221;20&#8243; down=&#8221;0&#8243;][vc_column_text]Situated between Dijon and Beaune in Flagey-\u00c9chezeaux, on the route of des Grands Crus, lies Boisrouge, a charming restaurant and a 5 bedroom guest house. Philippe Delacourcelle invites you to a stay rich in flavours. Relaxation, nature, fine dining and fine wines, lessons in cooking : a visit to the calm and woody enclave of Boisrouge will revitalize you with the best Bourgogne has to offer. Boisrouge lies in the heart of the region of the Burgundy grands crus. Clos de Vougeot, c\u00f4te de Nuits, colline de Corton, abbaye de C\u00eeteaux, Vosne-Roman\u00e9e are all moments away. Boisrouge is the perfect base from which to explore these legendary areas.[\/vc_column_text][vc_separator type=&#8221;transparent&#8221; up=&#8221;20&#8243; down=&#8221;0&#8243;]<a  itemprop=\"url\" href=\"https:\/\/www.boisrouge.fr\/contact-reservations\/\" target=\"_self\" data-hover-background-color=\"#962424\" data-hover-border-color=\"#962424\" class=\"qbutton  medium white default\" style=\"border-color: #962424; font-style: normal; \">BOOKING<\/a>[\/vc_column][vc_column width=&#8221;1\/2&#8243;][vc_single_image image=&#8221;696&#8243; img_size=&#8221;full&#8221; qode_css_animation=&#8221;&#8221;][\/vc_column][\/vc_row][vc_row row_type=&#8221;parallax&#8221; parallax_content_width=&#8221;in_grid&#8221; text_align=&#8221;left&#8221; full_screen_section_height=&#8221;no&#8221; background_image=&#8221;714&#8243; section_height=&#8221;500&#8243;][vc_column][\/vc_column][\/vc_row][vc_row css_animation=&#8221;&#8221; row_type=&#8221;row&#8221; use_row_as_full_screen_section=&#8221;no&#8221; type=&#8221;grid&#8221; angled_section=&#8221;no&#8221; text_align=&#8221;left&#8221; background_image_as_pattern=&#8221;without_pattern&#8221; padding_top=&#8221;140&#8243; padding_bottom=&#8221;73&#8243;][vc_column width=&#8221;1\/2&#8243;][vc_single_image image=&#8221;567&#8243; img_size=&#8221;full&#8221; alignment=&#8221;center&#8221; qode_css_animation=&#8221;&#8221;][vc_row_inner row_type=&#8221;row&#8221; type=&#8221;full_width&#8221; text_align=&#8221;left&#8221; css_animation=&#8221;&#8221; side_padding=&#8221;4&#8243;][vc_column_inner][vc_separator type=&#8221;transparent&#8221; up=&#8221;35&#8243; down=&#8221;0&#8243;][vc_column_text]<\/p>\n<h4>The rooms<\/h4>\n<p>[\/vc_column_text][vc_separator type=&#8221;transparent&#8221; up=&#8221;25&#8243; down=&#8221;0&#8243;][vc_column_text]<\/p>\n<p style=\"text-align: left;\">In Boisrouge, you can relax immersed in nature, in the shade of tall trees. Five guest rooms, comfortable and peaceful, await you. The design is in harmony with its setting: natural woodworks soft to the eye and Japanese references &#8211; not least the authentic Japanese bath arranged for your well-being. Four rooms are located in a dedicated building at the entrance to the site; The fifth is in the guest-house. All rooms are air conditioned.<\/p>\n<p>[\/vc_column_text][vc_separator type=&#8221;transparent&#8221; up=&#8221;67&#8243; down=&#8221;0&#8243;]<a  itemprop=\"url\" href=\"https:\/\/www.boisrouge.fr\/les-chambres\/\" target=\"_self\" data-hover-background-color=\"#962424\" data-hover-border-color=\"#962424\" class=\"qbutton  medium white default\" style=\"border-color: #962424; font-style: normal; \">The rooms<\/a>[vc_separator type=&#8221;transparent&#8221; up=&#8221;67&#8243; down=&#8221;0&#8243;][\/vc_column_inner][\/vc_row_inner][\/vc_column][vc_column width=&#8221;1\/2&#8243;][vc_single_image image=&#8221;446&#8243; img_size=&#8221;full&#8221; alignment=&#8221;center&#8221; qode_css_animation=&#8221;&#8221;][vc_row_inner row_type=&#8221;row&#8221; type=&#8221;full_width&#8221; text_align=&#8221;left&#8221; css_animation=&#8221;&#8221; side_padding=&#8221;4&#8243;][vc_column_inner][vc_separator type=&#8221;transparent&#8221; up=&#8221;35&#8243; down=&#8221;0&#8243;][vc_column_text]<\/p>\n<h4>The restaurant<\/h4>\n<p>[\/vc_column_text][vc_separator type=&#8221;transparent&#8221; up=&#8221;25&#8243; down=&#8221;0&#8243;][vc_column_text]<\/p>\n<p style=\"text-align: left;\">The restaurant sits 20, and features a vast, bright open-plan kitchen. As with the other buildings, the interior and exterior walls are coated with a mixture of local soil and lime. In the center, a six metre long gray marble is equally divided between a kitchen worktop and a breakfast bar: this is where you will have your breakfast while contemplating the undergrowth. The menu, inscribed on large slates, features both signature dishes of the chef, and a cuisine derived from locally sourced products , according to what is in season. The wines are naturally from Burgundy.<\/p>\n<p>[\/vc_column_text][vc_separator type=&#8221;transparent&#8221; up=&#8221;16&#8243; down=&#8221;0&#8243;]<a  itemprop=\"url\" href=\"https:\/\/www.boisrouge.fr\/le-restaurant\/\" target=\"_self\" data-hover-background-color=\"#962424\" data-hover-border-color=\"#962424\" class=\"qbutton  medium white default\" style=\"border-color: #962424; font-style: normal; \">The restaurant<\/a>[vc_separator type=&#8221;transparent&#8221; up=&#8221;67&#8243; down=&#8221;0&#8243;][\/vc_column_inner][\/vc_row_inner][\/vc_column][\/vc_row][vc_row row_type=&#8221;parallax&#8221; parallax_content_width=&#8221;in_grid&#8221; text_align=&#8221;right&#8221; full_screen_section_height=&#8221;no&#8221; background_image=&#8221;728&#8243;][vc_column][vc_separator type=&#8221;transparent&#8221; up=&#8221;146&#8243; down=&#8221;0&#8243;][vc_row_inner row_type=&#8221;row&#8221; type=&#8221;full_width&#8221; text_align=&#8221;left&#8221; css_animation=&#8221;&#8221;][vc_column_inner width=&#8221;1\/3&#8243; offset=&#8221;vc_col-lg-4 vc_col-md-4&#8243;][\/vc_column_inner][vc_column_inner width=&#8221;1\/3&#8243;][\/vc_column_inner][vc_column_inner width=&#8221;1\/3&#8243;][vc_column_text]<\/p>\n<h4><span style=\"color: #ffffff;\">Informations<\/span><\/h4>\n<p>[\/vc_column_text][vc_separator type=&#8221;transparent&#8221; up=&#8221;17&#8243; down=&#8221;0&#8243;][vc_column_text css=&#8221;.vc_custom_1684787292590{background-color: #b2294d !important;}&#8221;]<span style=\"color: #ffffff;\"><strong>Boisrouge Restaurant et chambres<\/strong><\/span><\/p>\n<p><span style=\"color: #ffffff;\">Nicolas et Philippe Delacourcelle<\/span><\/p>\n<p><span style=\"color: #ffffff;\">4 bis rue du petit Paris<\/span><br \/>\n<span style=\"color: #ffffff;\"> 21640 Flagey Echezeaux <\/span><\/p>\n<p><strong><span style=\"color: #ffffff;\">T\u00e9l: 03 80 34 30 56<\/span><\/strong><\/p>\n<p><span style=\"color: #ffffff;\">Mail: <a style=\"color: #ffffff;\" href=\"mailto:contact@boisrouge.fr\">contact@boisrouge.fr<\/a><\/span>[\/vc_column_text][vc_separator type=&#8221;transparent&#8221; up=&#8221;39&#8243; down=&#8221;0&#8243;]<a  itemprop=\"url\" href=\"https:\/\/www.boisrouge.fr\/contact-reservations\/\" target=\"_self\" data-hover-background-color=\"#962424\" class=\"qbutton  medium white default\" style=\"font-style: normal; \">CONTACT<\/a>[vc_separator type=&#8221;transparent&#8221; up=&#8221;64&#8243; down=&#8221;0&#8243;][\/vc_column_inner][\/vc_row_inner][vc_separator type=&#8221;transparent&#8221; up=&#8221;81&#8243; down=&#8221;0&#8243;][\/vc_column][\/vc_row]<\/p>\n<\/div>","protected":false},"excerpt":{"rendered":"<p>[vc_row css_animation=&#8221;&#8221; row_type=&#8221;row&#8221; use_row_as_full_screen_section=&#8221;no&#8221; type=&#8221;grid&#8221; angled_section=&#8221;no&#8221; text_align=&#8221;left&#8221; background_image_as_pattern=&#8221;without_pattern&#8221; padding_top=&#8221;140&#8243; padding_bottom=&#8221;140&#8243;][vc_column width=&#8221;1\/2&#8243;][vc_column_text] BOISROUGE, A HAVEN OF PEACE AND FLAVOURS [\/vc_column_text][vc_separator type=&#8221;transparent&#8221; up=&#8221;20&#8243; down=&#8221;0&#8243;][vc_column_text]Situated between Dijon and Beaune in Flagey-\u00c9chezeaux, on the route of des Grands Crus, lies Boisrouge, a charming restaurant and a 5 bedroom guest&#8230;<\/p>\n","protected":false},"author":3,"featured_media":0,"parent":0,"menu_order":0,"comment_status":"closed","ping_status":"closed","template":"full_width.php","meta":{"_monsterinsights_skip_tracking":false,"_monsterinsights_sitenote_active":false,"_monsterinsights_sitenote_note":"","_monsterinsights_sitenote_category":0,"footnotes":""},"class_list":["post-8","page","type-page","status-publish","hentry"],"aioseo_notices":[],"_links":{"self":[{"href":"https:\/\/www.boisrouge.fr\/en\/wp-json\/wp\/v2\/pages\/8","targetHints":{"allow":["GET"]}}],"collection":[{"href":"https:\/\/www.boisrouge.fr\/en\/wp-json\/wp\/v2\/pages"}],"about":[{"href":"https:\/\/www.boisrouge.fr\/en\/wp-json\/wp\/v2\/types\/page"}],"author":[{"embeddable":true,"href":"https:\/\/www.boisrouge.fr\/en\/wp-json\/wp\/v2\/users\/3"}],"replies":[{"embeddable":true,"href":"https:\/\/www.boisrouge.fr\/en\/wp-json\/wp\/v2\/comments?post=8"}],"version-history":[{"count":2,"href":"https:\/\/www.boisrouge.fr\/en\/wp-json\/wp\/v2\/pages\/8\/revisions"}],"predecessor-version":[{"id":1112,"href":"https:\/\/www.boisrouge.fr\/en\/wp-json\/wp\/v2\/pages\/8\/revisions\/1112"}],"wp:attachment":[{"href":"https:\/\/www.boisrouge.fr\/en\/wp-json\/wp\/v2\/media?parent=8"}],"curies":[{"name":"wp","href":"https:\/\/api.w.org\/{rel}","templated":true}]}}