{"id":461,"date":"2017-02-14T14:45:59","date_gmt":"2017-02-14T13:45:59","guid":{"rendered":"http:\/\/boisrouge.xyz\/?page_id=461"},"modified":"2025-11-02T21:52:11","modified_gmt":"2025-11-02T20:52:11","slug":"les-chambres","status":"publish","type":"page","link":"https:\/\/www.boisrouge.fr\/en\/les-chambres\/","title":{"rendered":"Guest rooms"},"content":{"rendered":"<div class=\"wpb-content-wrapper\"><p>[vc_row css_animation=&#8221;&#8221; row_type=&#8221;row&#8221; use_row_as_full_screen_section=&#8221;no&#8221; type=&#8221;grid&#8221; angled_section=&#8221;no&#8221; text_align=&#8221;left&#8221; background_image_as_pattern=&#8221;without_pattern&#8221; padding_top=&#8221;140&#8243; padding_bottom=&#8221;140&#8243; css=&#8221;.vc_custom_1582135409770{background-color: #ffffff !important;}&#8221;][vc_column width=&#8221;1\/2&#8243;][vc_column_text]<\/p>\n<h2>Guest rooms<\/h2>\n<h4>Calm, relaxation and Japanese bath<\/h4>\n<p>[\/vc_column_text][vc_separator type=&#8221;transparent&#8221; up=&#8221;20&#8243; down=&#8221;0&#8243;][vc_column_text]Situated between Dijon and Beaune in Flagey-\u00c9chezeaux, on the route of des Grands Crus, lies Boisrouge, a charming restaurant and a 5 bedroom guest house. Catherine and Philippe Delacourcelle invite you to a stay rich in flavours. Relaxation, nature, fine dining and fine wines, lessons in cooking : a visit to the calm and woody enclave of Boisrouge will revitalize you with the best Bourgogne has to offer. Boisrouge lies in the heart of the region of the Burgundy grands crus. Clos de Vougeot, c\u00f4te de Nuits, colline de Corton, abbaye de C\u00eeteaux, Vosne-Roman\u00e9e are all moments away. Boisrouge is the perfect base from which to explore these legendary areas.[\/vc_column_text][vc_separator type=&#8221;transparent&#8221; up=&#8221;20&#8243; down=&#8221;0&#8243;][\/vc_column][vc_column width=&#8221;1\/2&#8243;][vc_single_image image=&#8221;483&#8243; img_size=&#8221;full&#8221; qode_css_animation=&#8221;&#8221;][\/vc_column][\/vc_row][vc_row row_type=&#8221;parallax&#8221; parallax_content_width=&#8221;in_grid&#8221; text_align=&#8221;left&#8221; full_screen_section_height=&#8221;no&#8221; background_image=&#8221;484&#8243; section_height=&#8221;500&#8243;][vc_column][\/vc_column][\/vc_row][vc_row css_animation=&#8221;&#8221; row_type=&#8221;row&#8221; use_row_as_full_screen_section=&#8221;no&#8221; type=&#8221;grid&#8221; angled_section=&#8221;no&#8221; text_align=&#8221;center&#8221; background_image_as_pattern=&#8221;without_pattern&#8221; padding_top=&#8221;140&#8243; padding_bottom=&#8221;60&#8243;][vc_column offset=&#8221;vc_col-lg-offset-3 vc_col-lg-6&#8243;][vc_column_text]<\/p>\n<h2>BOISROUGE SITE<\/h2>\n<h4>A forest on the edge of a village<\/h4>\n<p>[\/vc_column_text][vc_separator type=&#8221;transparent&#8221; up=&#8221;20&#8243; down=&#8221;0&#8243;][vc_column_text]Beyond\u00a0the gate of the property, you will find a long footbridge bordered by bamboo railing, leading to a set of three wooden buildings built on stilts, surrounded and connected by gangways. The architecture reflects Japanese styles, whilst remaining in harmony with the Burgundian environment. The site is shaded by a beautiful forest, home to several bicentennial trees. Filtered by the foliage, the sunlight is superb. A small river, the Vouge, borders the property and marks the boundary between Boisrouge and the pretty village of Gilly-les-C\u00eeteaux. Its light murmur contributes to the peace of the place.[\/vc_column_text][vc_separator type=&#8221;transparent&#8221; up=&#8221;20&#8243; down=&#8221;0&#8243;][\/vc_column][\/vc_row][vc_row css_animation=&#8221;&#8221; row_type=&#8221;row&#8221; use_row_as_full_screen_section=&#8221;no&#8221; type=&#8221;grid&#8221; angled_section=&#8221;no&#8221; text_align=&#8221;left&#8221; background_image_as_pattern=&#8221;without_pattern&#8221; padding_bottom=&#8221;140&#8243;][vc_column css_animation=&#8221;none&#8221; width=&#8221;1\/2&#8243;][vc_single_image image=&#8221;582&#8243; img_size=&#8221;full&#8221; alignment=&#8221;center&#8221; qode_css_animation=&#8221;&#8221;][vc_separator type=&#8221;transparent&#8221; up=&#8221;35&#8243; down=&#8221;0&#8243;][vc_column_text]<\/p>\n<h4>\u00a0A large window overlooking the trees<\/h4>\n<p>[\/vc_column_text][vc_separator type=&#8221;transparent&#8221; up=&#8221;25&#8243; down=&#8221;0&#8243;][vc_column_text css=&#8221;&#8221;]Both upstairs rooms are spacious (30 square meters). Each room features an en suite : bathroom with walk-in shower and main living room separated from the bedroom area by a curtain. Each room has a large glass roof overlooking the trees: None of the spectacle of nature is lost from within.<\/p>\n<p><b> Price: 139 euros breakfast 16 euros.<br \/>\n<strong>Dogs + 20 euros and extra bed +20 euros.<\/strong><br \/>\n<\/b>[\/vc_column_text][\/vc_column][vc_column css_animation=&#8221;none&#8221; width=&#8221;1\/2&#8243;][vc_single_image image=&#8221;581&#8243; img_size=&#8221;full&#8221; alignment=&#8221;center&#8221; qode_css_animation=&#8221;&#8221;][vc_separator type=&#8221;transparent&#8221; up=&#8221;35&#8243; down=&#8221;0&#8243;][vc_column_text]<\/p>\n<h4>Relaxation and comfort<\/h4>\n<p>[\/vc_column_text][vc_separator type=&#8221;transparent&#8221; up=&#8221;25&#8243; down=&#8221;0&#8243;][vc_column_text css=&#8221;&#8221;]<\/p>\n<p style=\"text-align: left;\">Intimate and cozy, the two ground floor rooms are slightly smaller than those on the first floor. Their decor is simple, sleek and elegant. Zen and luxurious in equal measure ) they encourage meditation and relaxation. Their vast and fluffy bedding ensure a deep and uninterrupted sleep.<\/p>\n<p style=\"text-align: left;\"><strong>Price: 109 euros breakfast 16 euros.<br \/>\n<b>Dogs + 20 euros and extra bed +20 euros.<\/b><br \/>\n<\/strong><\/p>\n<p>[\/vc_column_text][\/vc_column][\/vc_row][vc_row row_type=&#8221;parallax&#8221; parallax_content_width=&#8221;in_grid&#8221; text_align=&#8221;right&#8221; full_screen_section_height=&#8221;no&#8221; background_image=&#8221;728&#8243;][vc_column][vc_separator type=&#8221;transparent&#8221; up=&#8221;146&#8243; down=&#8221;0&#8243;][vc_row_inner row_type=&#8221;row&#8221; type=&#8221;full_width&#8221; text_align=&#8221;left&#8221; css_animation=&#8221;&#8221;][vc_column_inner width=&#8221;1\/3&#8243; offset=&#8221;vc_col-lg-4 vc_col-md-4&#8243;][\/vc_column_inner][vc_column_inner width=&#8221;1\/3&#8243;][\/vc_column_inner][vc_column_inner width=&#8221;1\/3&#8243;][vc_column_text]<\/p>\n<h4><span style=\"color: #ffffff;\">Informations<\/span><\/h4>\n<p>[\/vc_column_text][vc_separator type=&#8221;transparent&#8221; up=&#8221;17&#8243; down=&#8221;0&#8243;][vc_column_text]<span style=\"color: #ffffff;\"><strong>Boisrouge Restaurant et chambres<\/strong><\/span><\/p>\n<p><span style=\"color: #ffffff;\">Nicolas et Philippe Delacourcelle<\/span><\/p>\n<p><span style=\"color: #ffffff;\">4 bis rue du petit Paris<\/span><br \/>\n<span style=\"color: #ffffff;\"> 21640 Flagey Echezeaux <\/span><\/p>\n<p><span style=\"color: #ffffff;\"> tel: 03 80 34 30 56<\/span><\/p>\n<p><span style=\"color: #ffffff;\">Mail: <a style=\"color: #ffffff;\" href=\"mailto:contact@boisrouge.fr\">contact@boisrouge.fr<\/a><\/span>[\/vc_column_text][vc_separator type=&#8221;transparent&#8221; up=&#8221;39&#8243; down=&#8221;0&#8243;]<a  itemprop=\"url\" href=\"https:\/\/www.boisrouge.fr\/contact-reservations\/\" target=\"_self\" data-hover-background-color=\"#962424\" class=\"qbutton  medium white default\" style=\"font-style: normal; \">CONTACT<\/a>[vc_separator type=&#8221;transparent&#8221; up=&#8221;64&#8243; down=&#8221;0&#8243;][\/vc_column_inner][\/vc_row_inner][vc_separator type=&#8221;transparent&#8221; up=&#8221;81&#8243; down=&#8221;0&#8243;][\/vc_column][\/vc_row]<\/p>\n<\/div>","protected":false},"excerpt":{"rendered":"<p>[vc_row css_animation=&#8221;&#8221; row_type=&#8221;row&#8221; use_row_as_full_screen_section=&#8221;no&#8221; type=&#8221;grid&#8221; angled_section=&#8221;no&#8221; text_align=&#8221;left&#8221; background_image_as_pattern=&#8221;without_pattern&#8221; padding_top=&#8221;140&#8243; padding_bottom=&#8221;140&#8243; css=&#8221;.vc_custom_1582135409770{background-color: #ffffff !important;}&#8221;][vc_column width=&#8221;1\/2&#8243;][vc_column_text] Guest rooms Calm, relaxation and Japanese bath [\/vc_column_text][vc_separator type=&#8221;transparent&#8221; up=&#8221;20&#8243; down=&#8221;0&#8243;][vc_column_text]Situated between Dijon and Beaune in Flagey-\u00c9chezeaux, on the route of des Grands Crus, lies Boisrouge, a charming restaurant and a&#8230;<\/p>\n","protected":false},"author":3,"featured_media":0,"parent":0,"menu_order":0,"comment_status":"closed","ping_status":"closed","template":"full_width.php","meta":{"_monsterinsights_skip_tracking":false,"_monsterinsights_sitenote_active":false,"_monsterinsights_sitenote_note":"","_monsterinsights_sitenote_category":0,"footnotes":""},"class_list":["post-461","page","type-page","status-publish","hentry"],"aioseo_notices":[],"_links":{"self":[{"href":"https:\/\/www.boisrouge.fr\/en\/wp-json\/wp\/v2\/pages\/461","targetHints":{"allow":["GET"]}}],"collection":[{"href":"https:\/\/www.boisrouge.fr\/en\/wp-json\/wp\/v2\/pages"}],"about":[{"href":"https:\/\/www.boisrouge.fr\/en\/wp-json\/wp\/v2\/types\/page"}],"author":[{"embeddable":true,"href":"https:\/\/www.boisrouge.fr\/en\/wp-json\/wp\/v2\/users\/3"}],"replies":[{"embeddable":true,"href":"https:\/\/www.boisrouge.fr\/en\/wp-json\/wp\/v2\/comments?post=461"}],"version-history":[{"count":6,"href":"https:\/\/www.boisrouge.fr\/en\/wp-json\/wp\/v2\/pages\/461\/revisions"}],"predecessor-version":[{"id":1183,"href":"https:\/\/www.boisrouge.fr\/en\/wp-json\/wp\/v2\/pages\/461\/revisions\/1183"}],"wp:attachment":[{"href":"https:\/\/www.boisrouge.fr\/en\/wp-json\/wp\/v2\/media?parent=461"}],"curies":[{"name":"wp","href":"https:\/\/api.w.org\/{rel}","templated":true}]}}